{"id":2279,"date":"2025-07-10T08:01:11","date_gmt":"2025-07-10T08:01:11","guid":{"rendered":"https:\/\/lucrumstrategies.es\/en-cours-de-construction\/"},"modified":"2025-07-10T08:07:25","modified_gmt":"2025-07-10T08:07:25","slug":"en-cours-de-construction","status":"publish","type":"page","link":"https:\/\/lucrumstrategies.es\/fr\/en-cours-de-construction\/","title":{"rendered":"En cours de construction"},"content":{"rendered":"<style>.elementor-2279 .elementor-element.elementor-element-6a51ce1{--display:flex;--min-height:100vh;--flex-direction:column;--container-widget-width:100%;--container-widget-height:initial;--container-widget-flex-grow:0;--container-widget-align-self:initial;--flex-wrap-mobile:wrap;--justify-content:center;}.elementor-2279 .elementor-element.elementor-element-6a51ce1:not(.elementor-motion-effects-element-type-background), .elementor-2279 .elementor-element.elementor-element-6a51ce1 > .elementor-motion-effects-container > .elementor-motion-effects-layer{background-color:var( --e-global-color-primary );}.elementor-2279 .elementor-element.elementor-element-800072c{text-align:center;}.elementor-2279 .elementor-element.elementor-element-800072c .elementor-heading-title{font-family:var( --e-global-typography-secondary-font-family ), Sans-serif;font-size:var( --e-global-typography-secondary-font-size );font-weight:var( --e-global-typography-secondary-font-weight );color:var( --e-global-color-secondary );}:root{--page-title-display:none;}@media(max-width:1024px){.elementor-2279 .elementor-element.elementor-element-800072c .elementor-heading-title{font-size:var( --e-global-typography-secondary-font-size );}}@media(max-width:767px){.elementor-2279 .elementor-element.elementor-element-800072c .elementor-heading-title{font-size:var( --e-global-typography-secondary-font-size );}}<\/style>\t\t<div data-elementor-type=\"wp-page\" data-elementor-id=\"2279\" class=\"elementor elementor-2279 elementor-2263\" data-elementor-post-type=\"page\">\n\t\t\t\t<div class=\"elementor-element elementor-element-6a51ce1 e-con-full e-flex e-con e-parent\" data-id=\"6a51ce1\" data-element_type=\"container\" data-e-type=\"container\" data-settings=\"{&quot;background_background&quot;:&quot;classic&quot;}\">\n\t\t\t\t<div class=\"elementor-element elementor-element-800072c elementor-widget elementor-widget-heading\" data-id=\"800072c\" data-element_type=\"widget\" data-e-type=\"widget\" data-widget_type=\"heading.default\">\n\t\t\t\t<div class=\"elementor-widget-container\">\n\t\t\t\t\t<h2 class=\"elementor-heading-title elementor-size-default\">Nous proc\u00e9dons \u00e0 des changements.  <br>  Nous reviendrons d\u00e8s que possible.<\/h2>\t\t\t\t<\/div>\n\t\t\t\t<\/div>\n\t\t\t\t<\/div>\n\t\t\t\t<\/div>\n\t\t","protected":false},"excerpt":{"rendered":"<p>Nous proc\u00e9dons \u00e0 des changements. Nous reviendrons d\u00e8s que possible.<\/p>\n","protected":false},"author":7,"featured_media":0,"parent":0,"menu_order":0,"comment_status":"closed","ping_status":"closed","template":"","meta":{"footnotes":""},"class_list":["post-2279","page","type-page","status-publish","hentry"],"yoast_head":"<!-- This site is optimized with the Yoast SEO plugin v25.3.1 - https:\/\/yoast.com\/wordpress\/plugins\/seo\/ -->\n<title>En cours de construction - Lucrum Strategies<\/title>\n<meta name=\"robots\" content=\"index, follow, max-snippet:-1, max-image-preview:large, max-video-preview:-1\" \/>\n<link rel=\"canonical\" href=\"https:\/\/lucrumstrategies.es\/fr\/en-cours-de-construction\/\" \/>\n<meta property=\"og:locale\" content=\"fr_FR\" \/>\n<meta property=\"og:type\" content=\"article\" \/>\n<meta property=\"og:title\" content=\"En cours de construction - Lucrum Strategies\" \/>\n<meta property=\"og:description\" content=\"Nous proc\u00e9dons \u00e0 des changements. Nous reviendrons d\u00e8s que possible.\" \/>\n<meta property=\"og:url\" content=\"https:\/\/lucrumstrategies.es\/fr\/en-cours-de-construction\/\" \/>\n<meta property=\"og:site_name\" content=\"Lucrum Strategies\" \/>\n<meta property=\"article:modified_time\" content=\"2025-07-10T08:07:25+00:00\" \/>\n<meta name=\"twitter:card\" content=\"summary_large_image\" \/>\n<script type=\"application\/ld+json\" class=\"yoast-schema-graph\">{\"@context\":\"https:\/\/schema.org\",\"@graph\":[{\"@type\":\"WebPage\",\"@id\":\"https:\/\/lucrumstrategies.es\/fr\/en-cours-de-construction\/\",\"url\":\"https:\/\/lucrumstrategies.es\/fr\/en-cours-de-construction\/\",\"name\":\"En cours de construction - Lucrum Strategies\",\"isPartOf\":{\"@id\":\"https:\/\/lucrumstrategies.es\/fr\/#website\"},\"datePublished\":\"2025-07-10T08:01:11+00:00\",\"dateModified\":\"2025-07-10T08:07:25+00:00\",\"breadcrumb\":{\"@id\":\"https:\/\/lucrumstrategies.es\/fr\/en-cours-de-construction\/#breadcrumb\"},\"inLanguage\":\"fr-FR\",\"potentialAction\":[{\"@type\":\"ReadAction\",\"target\":[\"https:\/\/lucrumstrategies.es\/fr\/en-cours-de-construction\/\"]}]},{\"@type\":\"BreadcrumbList\",\"@id\":\"https:\/\/lucrumstrategies.es\/fr\/en-cours-de-construction\/#breadcrumb\",\"itemListElement\":[{\"@type\":\"ListItem\",\"position\":1,\"name\":\"Home\",\"item\":\"https:\/\/lucrumstrategies.es\/fr\/accueil\/\"},{\"@type\":\"ListItem\",\"position\":2,\"name\":\"En cours de construction\"}]},{\"@type\":\"WebSite\",\"@id\":\"https:\/\/lucrumstrategies.es\/fr\/#website\",\"url\":\"https:\/\/lucrumstrategies.es\/fr\/\",\"name\":\"Lucrum Strategies\",\"description\":\"Te acompa\u00f1amos a la cima\",\"publisher\":{\"@id\":\"https:\/\/lucrumstrategies.es\/fr\/#organization\"},\"potentialAction\":[{\"@type\":\"SearchAction\",\"target\":{\"@type\":\"EntryPoint\",\"urlTemplate\":\"https:\/\/lucrumstrategies.es\/fr\/?s={search_term_string}\"},\"query-input\":{\"@type\":\"PropertyValueSpecification\",\"valueRequired\":true,\"valueName\":\"search_term_string\"}}],\"inLanguage\":\"fr-FR\"},{\"@type\":\"Organization\",\"@id\":\"https:\/\/lucrumstrategies.es\/fr\/#organization\",\"name\":\"Lucrum Strategies\",\"url\":\"https:\/\/lucrumstrategies.es\/fr\/\",\"logo\":{\"@type\":\"ImageObject\",\"inLanguage\":\"fr-FR\",\"@id\":\"https:\/\/lucrumstrategies.es\/fr\/#\/schema\/logo\/image\/\",\"url\":\"https:\/\/lucrumstrategies.es\/wp-content\/uploads\/lucrum-logo-blue.svg\",\"contentUrl\":\"https:\/\/lucrumstrategies.es\/wp-content\/uploads\/lucrum-logo-blue.svg\",\"width\":305,\"height\":47,\"caption\":\"Lucrum Strategies\"},\"image\":{\"@id\":\"https:\/\/lucrumstrategies.es\/fr\/#\/schema\/logo\/image\/\"}}]}<\/script>\n<!-- \/ Yoast SEO plugin. -->","yoast_head_json":{"title":"En cours de construction - Lucrum Strategies","robots":{"index":"index","follow":"follow","max-snippet":"max-snippet:-1","max-image-preview":"max-image-preview:large","max-video-preview":"max-video-preview:-1"},"canonical":"https:\/\/lucrumstrategies.es\/fr\/en-cours-de-construction\/","og_locale":"fr_FR","og_type":"article","og_title":"En cours de construction - Lucrum Strategies","og_description":"Nous proc\u00e9dons \u00e0 des changements. Nous reviendrons d\u00e8s que possible.","og_url":"https:\/\/lucrumstrategies.es\/fr\/en-cours-de-construction\/","og_site_name":"Lucrum Strategies","article_modified_time":"2025-07-10T08:07:25+00:00","twitter_card":"summary_large_image","schema":{"@context":"https:\/\/schema.org","@graph":[{"@type":"WebPage","@id":"https:\/\/lucrumstrategies.es\/fr\/en-cours-de-construction\/","url":"https:\/\/lucrumstrategies.es\/fr\/en-cours-de-construction\/","name":"En cours de construction - Lucrum Strategies","isPartOf":{"@id":"https:\/\/lucrumstrategies.es\/fr\/#website"},"datePublished":"2025-07-10T08:01:11+00:00","dateModified":"2025-07-10T08:07:25+00:00","breadcrumb":{"@id":"https:\/\/lucrumstrategies.es\/fr\/en-cours-de-construction\/#breadcrumb"},"inLanguage":"fr-FR","potentialAction":[{"@type":"ReadAction","target":["https:\/\/lucrumstrategies.es\/fr\/en-cours-de-construction\/"]}]},{"@type":"BreadcrumbList","@id":"https:\/\/lucrumstrategies.es\/fr\/en-cours-de-construction\/#breadcrumb","itemListElement":[{"@type":"ListItem","position":1,"name":"Home","item":"https:\/\/lucrumstrategies.es\/fr\/accueil\/"},{"@type":"ListItem","position":2,"name":"En cours de construction"}]},{"@type":"WebSite","@id":"https:\/\/lucrumstrategies.es\/fr\/#website","url":"https:\/\/lucrumstrategies.es\/fr\/","name":"Lucrum Strategies","description":"Te acompa\u00f1amos a la cima","publisher":{"@id":"https:\/\/lucrumstrategies.es\/fr\/#organization"},"potentialAction":[{"@type":"SearchAction","target":{"@type":"EntryPoint","urlTemplate":"https:\/\/lucrumstrategies.es\/fr\/?s={search_term_string}"},"query-input":{"@type":"PropertyValueSpecification","valueRequired":true,"valueName":"search_term_string"}}],"inLanguage":"fr-FR"},{"@type":"Organization","@id":"https:\/\/lucrumstrategies.es\/fr\/#organization","name":"Lucrum Strategies","url":"https:\/\/lucrumstrategies.es\/fr\/","logo":{"@type":"ImageObject","inLanguage":"fr-FR","@id":"https:\/\/lucrumstrategies.es\/fr\/#\/schema\/logo\/image\/","url":"https:\/\/lucrumstrategies.es\/wp-content\/uploads\/lucrum-logo-blue.svg","contentUrl":"https:\/\/lucrumstrategies.es\/wp-content\/uploads\/lucrum-logo-blue.svg","width":305,"height":47,"caption":"Lucrum Strategies"},"image":{"@id":"https:\/\/lucrumstrategies.es\/fr\/#\/schema\/logo\/image\/"}}]}},"_links":{"self":[{"href":"https:\/\/lucrumstrategies.es\/fr\/wp-json\/wp\/v2\/pages\/2279","targetHints":{"allow":["GET"]}}],"collection":[{"href":"https:\/\/lucrumstrategies.es\/fr\/wp-json\/wp\/v2\/pages"}],"about":[{"href":"https:\/\/lucrumstrategies.es\/fr\/wp-json\/wp\/v2\/types\/page"}],"author":[{"embeddable":true,"href":"https:\/\/lucrumstrategies.es\/fr\/wp-json\/wp\/v2\/users\/7"}],"replies":[{"embeddable":true,"href":"https:\/\/lucrumstrategies.es\/fr\/wp-json\/wp\/v2\/comments?post=2279"}],"version-history":[{"count":1,"href":"https:\/\/lucrumstrategies.es\/fr\/wp-json\/wp\/v2\/pages\/2279\/revisions"}],"predecessor-version":[{"id":2280,"href":"https:\/\/lucrumstrategies.es\/fr\/wp-json\/wp\/v2\/pages\/2279\/revisions\/2280"}],"wp:attachment":[{"href":"https:\/\/lucrumstrategies.es\/fr\/wp-json\/wp\/v2\/media?parent=2279"}],"curies":[{"name":"wp","href":"https:\/\/api.w.org\/{rel}","templated":true}]}}